{"id":2878,"date":"2025-07-24T14:08:25","date_gmt":"2025-07-24T13:08:25","guid":{"rendered":"https:\/\/artesaniamantasdelana.com\/?page_id=2878"},"modified":"2025-11-03T09:42:34","modified_gmt":"2025-11-03T08:42:34","slug":"compromiso-con-la-sostenibilidad","status":"publish","type":"page","link":"https:\/\/artesaniamantasdelana.com\/ca\/compromiso-con-la-sostenibilidad\/","title":{"rendered":"Comprom\u00eds amb la sostenibilitat"},"content":{"rendered":"<div data-elementor-type=\"wp-page\" data-elementor-id=\"2878\" class=\"elementor elementor-2878\" wpc-filter-elementor-widget=\"1\" data-elementor-post-type=\"page\">\n\t\t\t\t<div class=\"elementor-element elementor-element-1dec49a e-flex e-con-boxed e-con e-parent\" data-id=\"1dec49a\" data-element_type=\"container\" data-e-type=\"container\" data-settings=\"{&quot;background_background&quot;:&quot;classic&quot;}\">\n\t\t\t\t\t<div class=\"e-con-inner\">\n\t\t\t\t<div class=\"elementor-element elementor-element-a9b6c7f elementor-widget-divider--view-line_text elementor-widget-divider--element-align-center elementor-widget elementor-widget-divider\" data-id=\"a9b6c7f\" data-element_type=\"widget\" data-e-type=\"widget\" data-widget_type=\"divider.default\">\n\t\t\t\t<div class=\"elementor-widget-container\">\n\t\t\t\t\t\t\t<div class=\"elementor-divider\">\n\t\t\t<span class=\"elementor-divider-separator\">\n\t\t\t\t\t\t\t<span class=\"elementor-divider__text elementor-divider__element\">\n\t\t\t\tComprom\u00eds amb la sostenibilitat\t\t\t\t<\/span>\n\t\t\t\t\t\t<\/span>\n\t\t<\/div>\n\t\t\t\t\t\t<\/div>\n\t\t\t\t<\/div>\n\t\t\t\t<div class=\"elementor-element elementor-element-a859203 elementor-widget elementor-widget-heading\" data-id=\"a859203\" data-element_type=\"widget\" data-e-type=\"widget\" data-widget_type=\"heading.default\">\n\t\t\t\t<div class=\"elementor-widget-container\">\n\t\t\t\t\t<span class=\"elementor-heading-title elementor-size-default\">150 anys teixint amb consci\u00e8ncia i dedicaci\u00f3<\/span>\t\t\t\t<\/div>\n\t\t\t\t<\/div>\n\t\t\t\t\t<\/div>\n\t\t\t\t<\/div>\n\t\t<div class=\"elementor-element elementor-element-1842312 e-flex e-con-boxed e-con e-parent\" data-id=\"1842312\" data-element_type=\"container\" data-e-type=\"container\">\n\t\t\t\t\t<div class=\"e-con-inner\">\n\t\t<div class=\"elementor-element elementor-element-deb77eb e-con-full e-flex e-con e-child\" data-id=\"deb77eb\" data-element_type=\"container\" data-e-type=\"container\">\n\t\t\t\t<div class=\"elementor-element elementor-element-75b868c elementor-widget elementor-widget-text-editor\" data-id=\"75b868c\" data-element_type=\"widget\" data-e-type=\"widget\" data-widget_type=\"text-editor.default\">\n\t\t\t\t<div class=\"elementor-widget-container\">\n\t\t\t\t\t\t\t\t\t<p class=\"translation-block\">Des de fa m\u00e9s d'un segle i mig, confeccionem mantes de llana seguint els mateixos principis amb qu\u00e8 van comen\u00e7ar els nostres avantpassats<\/strong>: respecte per la natura, cura de cada detall i comprom\u00eds amb un ofici que no ent\u00e9n de presses. <strong>Creiem que es pot abrigar sense perjudicar, crear sense desaprofitar i mantenir viu un saber tradicional<\/strong> que acompanya llars generaci\u00f3 rere generaci\u00f3.<\/p>\t\t\t\t\t\t\t\t<\/div>\n\t\t\t\t<\/div>\n\t\t\t\t<div class=\"elementor-element elementor-element-8087cb6 elementor-widget-divider--view-line_text elementor-widget-divider--element-align-center elementor-widget elementor-widget-divider\" data-id=\"8087cb6\" data-element_type=\"widget\" data-e-type=\"widget\" data-widget_type=\"divider.default\">\n\t\t\t\t<div class=\"elementor-widget-container\">\n\t\t\t\t\t\t\t<div class=\"elementor-divider\">\n\t\t\t<span class=\"elementor-divider-separator\">\n\t\t\t\t\t\t\t<span class=\"elementor-divider__text elementor-divider__element\">\n\t\t\t\tLlana natural, benestar animal garantit\t\t\t\t<\/span>\n\t\t\t\t\t\t<\/span>\n\t\t<\/div>\n\t\t\t\t\t\t<\/div>\n\t\t\t\t<\/div>\n\t\t\t\t<div class=\"elementor-element elementor-element-51a6500 elementor-widget elementor-widget-text-editor\" data-id=\"51a6500\" data-element_type=\"widget\" data-e-type=\"widget\" data-widget_type=\"text-editor.default\">\n\t\t\t\t<div class=\"elementor-widget-container\">\n\t\t\t\t\t\t\t\t\t<p class=\"translation-block\">La mat\u00e8ria prima de les nostres mantes prov\u00e9 directament de l'esquilat d'ovelles criades en entorns on el seu benestar \u00e9s prioritat. <strong>L'esquilat, realitzat amb cura i experi\u00e8ncia, no nom\u00e9s no causa mal a l'animal, sin\u00f3 que \u00e9s essencial per a la seva salut<\/strong>: esquilar \u00e9s necessari per evitar el sobreescalfament, les infeccions i altres mol\u00e8sties associades a l'exc\u00e9s de llana.<\/p><p class=\"translation-block\"><strong>Aprofitem aquest recurs que l'ovella produeix de manera natural, sense alterar-ne el cicle ni causar-li mal<\/strong>. Un cop recollida, la llana es tracta responsablement, transformant-la en una mat\u00e8ria prima noble, sense additius sint\u00e8tics ni tractaments agressius. El resultat \u00e9s una fibra pura, resistent i naturalment compostable, que pot tornar a la terra sense deixar petjada.<\/p>\t\t\t\t\t\t\t\t<\/div>\n\t\t\t\t<\/div>\n\t\t\t\t<\/div>\n\t\t<div class=\"elementor-element elementor-element-c397d80 e-con-full e-flex e-con e-child\" data-id=\"c397d80\" data-element_type=\"container\" data-e-type=\"container\">\n\t\t\t\t<div class=\"elementor-element elementor-element-08204b6 elementor-widget elementor-widget-gallery\" data-id=\"08204b6\" data-element_type=\"widget\" data-e-type=\"widget\" data-settings=\"{&quot;columns&quot;:2,&quot;aspect_ratio&quot;:&quot;4:3&quot;,&quot;lazyload&quot;:&quot;yes&quot;,&quot;gallery_layout&quot;:&quot;grid&quot;,&quot;columns_tablet&quot;:2,&quot;columns_mobile&quot;:1,&quot;gap&quot;:{&quot;unit&quot;:&quot;px&quot;,&quot;size&quot;:10,&quot;sizes&quot;:[]},&quot;gap_tablet&quot;:{&quot;unit&quot;:&quot;px&quot;,&quot;size&quot;:10,&quot;sizes&quot;:[]},&quot;gap_mobile&quot;:{&quot;unit&quot;:&quot;px&quot;,&quot;size&quot;:10,&quot;sizes&quot;:[]},&quot;content_hover_animation&quot;:&quot;fade-in&quot;}\" data-widget_type=\"gallery.default\">\n\t\t\t\t<div class=\"elementor-widget-container\">\n\t\t\t\t\t\t\t<div class=\"elementor-gallery__container\">\r\n\t\t\t\t\t\t\t<div class=\"e-gallery-item elementor-gallery-item elementor-animated-content\">\r\n\t\t\t\t\t<div class=\"e-gallery-image elementor-gallery-item__image\" data-thumbnail=\"https:\/\/artesaniamantasdelana.com\/wp-content\/uploads\/2025\/08\/Sostenibilidad-scaled.jpg\" data-width=\"2560\" data-height=\"1920\" aria-label=\"\" role=\"img\" ><\/div>\r\n\t\t\t\t\t\t\t\t\t\t\t\t\t\t<\/div>\r\n\t\t\t\t\t\t\t<div class=\"e-gallery-item elementor-gallery-item elementor-animated-content\">\r\n\t\t\t\t\t<div class=\"e-gallery-image elementor-gallery-item__image\" data-thumbnail=\"https:\/\/artesaniamantasdelana.com\/wp-content\/uploads\/2017\/07\/oveja_negra41.jpg\" data-width=\"700\" data-height=\"421\" aria-label=\"oveja xisqueta negra\" role=\"img\" ><\/div>\r\n\t\t\t\t\t\t\t\t\t\t\t\t\t\t<\/div>\r\n\t\t\t\t\t\t\t<div class=\"e-gallery-item elementor-gallery-item elementor-animated-content\">\r\n\t\t\t\t\t<div class=\"e-gallery-image elementor-gallery-item__image\" data-thumbnail=\"https:\/\/artesaniamantasdelana.com\/wp-content\/uploads\/2017\/07\/clasificacion-lana.png\" data-width=\"454\" data-height=\"359\" aria-label=\"Clasificaci\u00f3n de la Lana\" role=\"img\" ><\/div>\r\n\t\t\t\t\t\t\t\t\t\t\t\t\t\t<\/div>\r\n\t\t\t\t\t\t\t<div class=\"e-gallery-item elementor-gallery-item elementor-animated-content\">\r\n\t\t\t\t\t<div class=\"e-gallery-image elementor-gallery-item__image\" data-thumbnail=\"https:\/\/artesaniamantasdelana.com\/wp-content\/uploads\/2017\/07\/oveja-esquilada.png\" data-width=\"431\" data-height=\"339\" aria-label=\"Oveja esquilada\" role=\"img\" ><\/div>\r\n\t\t\t\t\t\t\t\t\t\t\t\t\t\t<\/div>\r\n\t\t\t\t\t<\/div>\r\n\t\t\t\t\t<\/div>\n\t\t\t\t<\/div>\n\t\t\t\t<\/div>\n\t\t\t\t\t<\/div>\n\t\t\t\t<\/div>\n\t\t<div class=\"elementor-element elementor-element-9309487 e-flex e-con-boxed e-con e-parent\" data-id=\"9309487\" data-element_type=\"container\" data-e-type=\"container\">\n\t\t\t\t\t<div class=\"e-con-inner\">\n\t\t\t\t<div class=\"elementor-element elementor-element-442fd1d elementor-widget elementor-widget-heading\" data-id=\"442fd1d\" data-element_type=\"widget\" data-e-type=\"widget\" data-widget_type=\"heading.default\">\n\t\t\t\t<div class=\"elementor-widget-container\">\n\t\t\t\t\t<span class=\"elementor-heading-title elementor-size-default\">Artesania amb \u00e0nima i sense pressa<\/span>\t\t\t\t<\/div>\n\t\t\t\t<\/div>\n\t\t\t\t<div class=\"elementor-element elementor-element-eabcdac elementor-widget-divider--view-line elementor-widget elementor-widget-divider\" data-id=\"eabcdac\" data-element_type=\"widget\" data-e-type=\"widget\" data-widget_type=\"divider.default\">\n\t\t\t\t<div class=\"elementor-widget-container\">\n\t\t\t\t\t\t\t<div class=\"elementor-divider\">\n\t\t\t<span class=\"elementor-divider-separator\">\n\t\t\t\t\t\t<\/span>\n\t\t<\/div>\n\t\t\t\t\t\t<\/div>\n\t\t\t\t<\/div>\n\t\t\t\t<div class=\"elementor-element elementor-element-a64085b elementor-widget elementor-widget-text-editor\" data-id=\"a64085b\" data-element_type=\"widget\" data-e-type=\"widget\" data-widget_type=\"text-editor.default\">\n\t\t\t\t<div class=\"elementor-widget-container\">\n\t\t\t\t\t\t\t\t\t<p class=\"translation-block\">Cada <strong>manta \u00e9s teixida amb paci\u00e8ncia i dedicaci\u00f3<\/strong> pel mestre artes\u00e0 que ha heretat aquest coneixement de generaci\u00f3 en generaci\u00f3. <strong>Evitem la producci\u00f3 massiva perqu\u00e8 creiem en peces \u00faniques<\/strong>, fetes amb intenci\u00f3. Aix\u00ed redu\u00efm el consum energ\u00e8tic, el malbaratament de materials i fomentem <span style=\"text-decoration: underline\">un vincle m\u00e9s profund entre qui crea i qui rep la manta<\/span>.<\/p>\t\t\t\t\t\t\t\t<\/div>\n\t\t\t\t<\/div>\n\t\t\t\t\t<\/div>\n\t\t\t\t<\/div>\n\t\t<div class=\"elementor-element elementor-element-f2d6e62 e-flex e-con-boxed e-con e-parent\" data-id=\"f2d6e62\" data-element_type=\"container\" data-e-type=\"container\">\n\t\t\t\t\t<div class=\"e-con-inner\">\n\t\t<div class=\"elementor-element elementor-element-20b9ecb e-con-full e-flex e-con e-child\" data-id=\"20b9ecb\" data-element_type=\"container\" data-e-type=\"container\" data-settings=\"{&quot;background_background&quot;:&quot;classic&quot;}\">\n\t\t\t\t<div class=\"elementor-element elementor-element-f484888 elementor-widget elementor-widget-heading\" data-id=\"f484888\" data-element_type=\"widget\" data-e-type=\"widget\" data-widget_type=\"heading.default\">\n\t\t\t\t<div class=\"elementor-widget-container\">\n\t\t\t\t\t<h2 class=\"elementor-heading-title elementor-size-default\">No seguim modes. Creem peces que transcendeixen el temps.<\/h2>\t\t\t\t<\/div>\n\t\t\t\t<\/div>\n\t\t\t\t<div class=\"elementor-element elementor-element-47064fd elementor-widget elementor-widget-button\" data-id=\"47064fd\" data-element_type=\"widget\" data-e-type=\"widget\" data-widget_type=\"button.default\">\n\t\t\t\t<div class=\"elementor-widget-container\">\n\t\t\t\t\t\t\t\t\t<div class=\"elementor-button-wrapper\">\n\t\t\t\t\t<a class=\"elementor-button elementor-button-link elementor-size-sm\" href=\"https:\/\/artesaniamantasdelana.com\/ca\/mantes-llana-per-llit\/\">\n\t\t\t\t\t\t<span class=\"elementor-button-content-wrapper\">\n\t\t\t\t\t\t\t\t\t<span class=\"elementor-button-text\">Veure botiga<\/span>\n\t\t\t\t\t<\/span>\n\t\t\t\t\t<\/a>\n\t\t\t\t<\/div>\n\t\t\t\t\t\t\t\t<\/div>\n\t\t\t\t<\/div>\n\t\t\t\t<\/div>\n\t\t\t\t\t<\/div>\n\t\t\t\t<\/div>\n\t\t<div class=\"elementor-element elementor-element-0f22cba e-flex e-con-boxed e-con e-parent\" data-id=\"0f22cba\" data-element_type=\"container\" data-e-type=\"container\">\n\t\t\t\t\t<div class=\"e-con-inner\">\n\t\t\t\t<div class=\"elementor-element elementor-element-5be7a1b gallery-spacing-custom elementor-widget elementor-widget-image-gallery\" data-id=\"5be7a1b\" data-element_type=\"widget\" data-e-type=\"widget\" data-widget_type=\"image-gallery.default\">\n\t\t\t\t<div class=\"elementor-widget-container\">\n\t\t\t\t\t\t\t<div class=\"elementor-image-gallery\">\n\t\t\t<div id='gallery-1' class='gallery galleryid-2878 gallery-columns-6 gallery-size-thumbnail'><figure class='gallery-item'>\n\t\t\t<div class='gallery-icon landscape'>\n\t\t\t\t<img loading=\"lazy\" decoding=\"async\" width=\"280\" height=\"280\" src=\"https:\/\/artesaniamantasdelana.com\/wp-content\/uploads\/2017\/07\/Pastores-1942-280x280.jpg\" class=\"attachment-thumbnail size-thumbnail\" alt=\"Pastores con el Tapabocas en 1942\" aria-describedby=\"gallery-1-538\" srcset=\"https:\/\/artesaniamantasdelana.com\/wp-content\/uploads\/2017\/07\/Pastores-1942-280x280.jpg 280w, https:\/\/artesaniamantasdelana.com\/wp-content\/uploads\/2017\/07\/Pastores-1942-300x300.jpg 300w, https:\/\/artesaniamantasdelana.com\/wp-content\/uploads\/2017\/07\/Pastores-1942-100x100.jpg 100w\" sizes=\"auto, (max-width: 280px) 100vw, 280px\" title=\"- -\">\n\t\t\t<\/div>\n\t\t\t\t<figcaption class='wp-caption-text gallery-caption' id='gallery-1-538'>\n\t\t\t\tPastores con el Tapabocas en 1942\n\t\t\t\t<\/figcaption><\/figure><figure class='gallery-item'>\n\t\t\t<div class='gallery-icon landscape'>\n\t\t\t\t<img loading=\"lazy\" decoding=\"async\" width=\"280\" height=\"280\" src=\"https:\/\/artesaniamantasdelana.com\/wp-content\/uploads\/2017\/07\/oveja-esquilada-280x280.png\" class=\"attachment-thumbnail size-thumbnail\" alt=\"Oveja esquilada\" aria-describedby=\"gallery-1-561\" srcset=\"https:\/\/artesaniamantasdelana.com\/wp-content\/uploads\/2017\/07\/oveja-esquilada-280x280.png 280w, https:\/\/artesaniamantasdelana.com\/wp-content\/uploads\/2017\/07\/oveja-esquilada-300x300.png 300w, https:\/\/artesaniamantasdelana.com\/wp-content\/uploads\/2017\/07\/oveja-esquilada-100x100.png 100w\" sizes=\"auto, (max-width: 280px) 100vw, 280px\" title=\"- -\">\n\t\t\t<\/div>\n\t\t\t\t<figcaption class='wp-caption-text gallery-caption' id='gallery-1-561'>\n\t\t\t\tOveja esquilada\n\t\t\t\t<\/figcaption><\/figure><figure class='gallery-item'>\n\t\t\t<div class='gallery-icon landscape'>\n\t\t\t\t<img loading=\"lazy\" decoding=\"async\" width=\"280\" height=\"280\" src=\"https:\/\/artesaniamantasdelana.com\/wp-content\/uploads\/2017\/07\/lana-artesana-280x280.png\" class=\"attachment-thumbnail size-thumbnail\" alt=\"Lana artesana\" aria-describedby=\"gallery-1-567\" srcset=\"https:\/\/artesaniamantasdelana.com\/wp-content\/uploads\/2017\/07\/lana-artesana-280x280.png 280w, https:\/\/artesaniamantasdelana.com\/wp-content\/uploads\/2017\/07\/lana-artesana-300x300.png 300w, https:\/\/artesaniamantasdelana.com\/wp-content\/uploads\/2017\/07\/lana-artesana-100x100.png 100w\" sizes=\"auto, (max-width: 280px) 100vw, 280px\" title=\"- -\">\n\t\t\t<\/div>\n\t\t\t\t<figcaption class='wp-caption-text gallery-caption' id='gallery-1-567'>\n\t\t\t\tLana artesana\n\t\t\t\t<\/figcaption><\/figure><figure class='gallery-item'>\n\t\t\t<div class='gallery-icon landscape'>\n\t\t\t\t<img loading=\"lazy\" decoding=\"async\" width=\"280\" height=\"280\" src=\"https:\/\/artesaniamantasdelana.com\/wp-content\/uploads\/2017\/07\/telar-lana-tejido-v2-280x280.png\" class=\"attachment-thumbnail size-thumbnail\" alt=\"Telar Lana tejido\" aria-describedby=\"gallery-1-578\" srcset=\"https:\/\/artesaniamantasdelana.com\/wp-content\/uploads\/2017\/07\/telar-lana-tejido-v2-280x280.png 280w, https:\/\/artesaniamantasdelana.com\/wp-content\/uploads\/2017\/07\/telar-lana-tejido-v2-300x300.png 300w, https:\/\/artesaniamantasdelana.com\/wp-content\/uploads\/2017\/07\/telar-lana-tejido-v2-100x100.png 100w\" sizes=\"auto, (max-width: 280px) 100vw, 280px\" title=\"- -\">\n\t\t\t<\/div>\n\t\t\t\t<figcaption class='wp-caption-text gallery-caption' id='gallery-1-578'>\n\t\t\t\tTelar Lana tejido\n\t\t\t\t<\/figcaption><\/figure><figure class='gallery-item'>\n\t\t\t<div class='gallery-icon landscape'>\n\t\t\t\t<img loading=\"lazy\" decoding=\"async\" width=\"280\" height=\"280\" src=\"https:\/\/artesaniamantasdelana.com\/wp-content\/uploads\/2017\/07\/manta-lana-flecos-280x280.png\" class=\"attachment-thumbnail size-thumbnail\" alt=\"Manta Lana flecos\" aria-describedby=\"gallery-1-575\" srcset=\"https:\/\/artesaniamantasdelana.com\/wp-content\/uploads\/2017\/07\/manta-lana-flecos-280x280.png 280w, https:\/\/artesaniamantasdelana.com\/wp-content\/uploads\/2017\/07\/manta-lana-flecos-300x300.png 300w, https:\/\/artesaniamantasdelana.com\/wp-content\/uploads\/2017\/07\/manta-lana-flecos-100x100.png 100w\" sizes=\"auto, (max-width: 280px) 100vw, 280px\" title=\"- -\">\n\t\t\t<\/div>\n\t\t\t\t<figcaption class='wp-caption-text gallery-caption' id='gallery-1-575'>\n\t\t\t\tManta Lana flecos\n\t\t\t\t<\/figcaption><\/figure><figure class='gallery-item'>\n\t\t\t<div class='gallery-icon landscape'>\n\t\t\t\t<img loading=\"lazy\" decoding=\"async\" width=\"280\" height=\"280\" src=\"https:\/\/artesaniamantasdelana.com\/wp-content\/uploads\/2017\/07\/manta-lana-perchado-v2-280x280.png\" class=\"attachment-thumbnail size-thumbnail\" alt=\"Manta Lana perchado\" aria-describedby=\"gallery-1-576\" srcset=\"https:\/\/artesaniamantasdelana.com\/wp-content\/uploads\/2017\/07\/manta-lana-perchado-v2-280x280.png 280w, https:\/\/artesaniamantasdelana.com\/wp-content\/uploads\/2017\/07\/manta-lana-perchado-v2-300x300.png 300w, https:\/\/artesaniamantasdelana.com\/wp-content\/uploads\/2017\/07\/manta-lana-perchado-v2-100x100.png 100w\" sizes=\"auto, (max-width: 280px) 100vw, 280px\" title=\"- -\">\n\t\t\t<\/div>\n\t\t\t\t<figcaption class='wp-caption-text gallery-caption' id='gallery-1-576'>\n\t\t\t\tManta Lana perchado\n\t\t\t\t<\/figcaption><\/figure>\n\t\t<\/div>\n\t\t<\/div>\n\t\t\t\t\t\t<\/div>\n\t\t\t\t<\/div>\n\t\t\t\t\t<\/div>\n\t\t\t\t<\/div>\n\t\t<div class=\"elementor-element elementor-element-611658d e-flex e-con-boxed e-con e-parent\" data-id=\"611658d\" data-element_type=\"container\" data-e-type=\"container\">\n\t\t\t\t\t<div class=\"e-con-inner\">\n\t\t<div class=\"elementor-element elementor-element-86aea20 e-con-full e-flex e-con e-child\" data-id=\"86aea20\" data-element_type=\"container\" data-e-type=\"container\">\n\t\t\t\t<div class=\"elementor-element elementor-element-42fc735 elementor-widget-divider--view-line_text elementor-widget-divider--element-align-center elementor-widget elementor-widget-divider\" data-id=\"42fc735\" data-element_type=\"widget\" data-e-type=\"widget\" data-widget_type=\"divider.default\">\n\t\t\t\t<div class=\"elementor-widget-container\">\n\t\t\t\t\t\t\t<div class=\"elementor-divider\">\n\t\t\t<span class=\"elementor-divider-separator\">\n\t\t\t\t\t\t\t<span class=\"elementor-divider__text elementor-divider__element\">\n\t\t\t\tDurabilitat que transcendeix generacions\t\t\t\t<\/span>\n\t\t\t\t\t\t<\/span>\n\t\t<\/div>\n\t\t\t\t\t\t<\/div>\n\t\t\t\t<\/div>\n\t\t\t\t<div class=\"elementor-element elementor-element-e4e0bed elementor-widget elementor-widget-text-editor\" data-id=\"e4e0bed\" data-element_type=\"widget\" data-e-type=\"widget\" data-widget_type=\"text-editor.default\">\n\t\t\t\t<div class=\"elementor-widget-container\">\n\t\t\t\t\t\t\t\t\t<p>Una manta artesanal no \u00e9s nom\u00e9s un objecte: \u00e9s una pe\u00e7a d\u2019hist\u00f2ria que acompanya moments i es queda a la fam\u00edlia.<\/p><p>Gr\u00e0cies a la qualitat de la llana i a la cura en la confecci\u00f3, les nostres mantes estan fetes per durar anys, fins i tot d\u00e8cades. Moltes es converteixen en her\u00e8ncia: passen de pares a fills, d'avis a nets, sense perdre'n el valor ni l'abric.<\/p><p>Triar una manta duradora \u00e9s una forma senzilla de consumir amb responsabilitat. Menys compres, menys residus, m\u00e9s records compartits.<\/p>\t\t\t\t\t\t\t\t<\/div>\n\t\t\t\t<\/div>\n\t\t\t\t<\/div>\n\t\t<div class=\"elementor-element elementor-element-d5ac3e6 e-con-full e-flex e-con e-child\" data-id=\"d5ac3e6\" data-element_type=\"container\" data-e-type=\"container\">\n\t\t\t\t<div class=\"elementor-element elementor-element-e6bc14b elementor-widget elementor-widget-image\" data-id=\"e6bc14b\" data-element_type=\"widget\" data-e-type=\"widget\" data-widget_type=\"image.default\">\n\t\t\t\t<div class=\"elementor-widget-container\">\n\t\t\t\t\t\t\t\t\t\t\t\t\t\t\t<img loading=\"lazy\" decoding=\"async\" width=\"2272\" height=\"1704\" src=\"https:\/\/artesaniamantasdelana.com\/wp-content\/uploads\/2025\/09\/P4030052millorada.jpg\" class=\"attachment-full size-full wp-image-3334\" alt=\"-\" srcset=\"https:\/\/artesaniamantasdelana.com\/wp-content\/uploads\/2025\/09\/P4030052millorada.jpg 2272w, https:\/\/artesaniamantasdelana.com\/wp-content\/uploads\/2025\/09\/P4030052millorada-600x450.jpg 600w, https:\/\/artesaniamantasdelana.com\/wp-content\/uploads\/2025\/09\/P4030052millorada-533x400.jpg 533w, https:\/\/artesaniamantasdelana.com\/wp-content\/uploads\/2025\/09\/P4030052millorada-1067x800.jpg 1067w, https:\/\/artesaniamantasdelana.com\/wp-content\/uploads\/2025\/09\/P4030052millorada-768x576.jpg 768w, https:\/\/artesaniamantasdelana.com\/wp-content\/uploads\/2025\/09\/P4030052millorada-1536x1152.jpg 1536w, https:\/\/artesaniamantasdelana.com\/wp-content\/uploads\/2025\/09\/P4030052millorada-2048x1536.jpg 2048w\" sizes=\"auto, (max-width: 2272px) 100vw, 2272px\" title=\"- -\">\t\t\t\t\t\t\t\t\t\t\t\t\t\t\t<\/div>\n\t\t\t\t<\/div>\n\t\t\t\t<\/div>\n\t\t\t\t\t<\/div>\n\t\t\t\t<\/div>\n\t\t<div class=\"elementor-element elementor-element-a6e2515 e-flex e-con-boxed e-con e-parent\" data-id=\"a6e2515\" data-element_type=\"container\" data-e-type=\"container\">\n\t\t\t\t\t<div class=\"e-con-inner\">\n\t\t\t\t<div class=\"elementor-element elementor-element-2e981c1 elementor-align-center elementor-widget elementor-widget-button\" data-id=\"2e981c1\" data-element_type=\"widget\" data-e-type=\"widget\" data-widget_type=\"button.default\">\n\t\t\t\t<div class=\"elementor-widget-container\">\n\t\t\t\t\t\t\t\t\t<div class=\"elementor-button-wrapper\">\n\t\t\t\t\t<a class=\"elementor-button elementor-button-link elementor-size-sm elementor-animation-grow\" href=\"https:\/\/artesaniamantasdelana.com\/ca\/historia\/\">\n\t\t\t\t\t\t<span class=\"elementor-button-content-wrapper\">\n\t\t\t\t\t\t<span class=\"elementor-button-icon\">\n\t\t\t\t<i aria-hidden=\"true\" class=\"fas fa-angle-right\"><\/i>\t\t\t<\/span>\n\t\t\t\t\t\t\t\t\t<span class=\"elementor-button-text\">La nostra hist\u00f2ria<\/span>\n\t\t\t\t\t<\/span>\n\t\t\t\t\t<\/a>\n\t\t\t\t<\/div>\n\t\t\t\t\t\t\t\t<\/div>\n\t\t\t\t<\/div>\n\t\t\t\t\t<\/div>\n\t\t\t\t<\/div>\n\t\t\t\t<\/div>","protected":false},"excerpt":{"rendered":"<p>Compromiso con la sostenibilidad 150 a\u00f1os tejiendo con conciencia y dedicaci\u00f3n Desde hace m\u00e1s de un siglo y medio, tejemos mantas de lana siguiendo los mismos principios con los que comenzaron nuestros antepasados: respeto por la naturaleza, cuidado en cada detalle y compromiso con un oficio que no entiende de prisas. Creemos que se puede [&hellip;]<\/p>\n","protected":false},"author":100,"featured_media":0,"parent":0,"menu_order":0,"comment_status":"closed","ping_status":"closed","template":"","meta":{"footnotes":""},"class_list":["post-2878","page","type-page","status-publish","hentry"],"_links":{"self":[{"href":"https:\/\/artesaniamantasdelana.com\/ca\/wp-json\/wp\/v2\/pages\/2878","targetHints":{"allow":["GET"]}}],"collection":[{"href":"https:\/\/artesaniamantasdelana.com\/ca\/wp-json\/wp\/v2\/pages"}],"about":[{"href":"https:\/\/artesaniamantasdelana.com\/ca\/wp-json\/wp\/v2\/types\/page"}],"author":[{"embeddable":true,"href":"https:\/\/artesaniamantasdelana.com\/ca\/wp-json\/wp\/v2\/users\/100"}],"replies":[{"embeddable":true,"href":"https:\/\/artesaniamantasdelana.com\/ca\/wp-json\/wp\/v2\/comments?post=2878"}],"version-history":[{"count":0,"href":"https:\/\/artesaniamantasdelana.com\/ca\/wp-json\/wp\/v2\/pages\/2878\/revisions"}],"wp:attachment":[{"href":"https:\/\/artesaniamantasdelana.com\/ca\/wp-json\/wp\/v2\/media?parent=2878"}],"curies":[{"name":"wp","href":"https:\/\/api.w.org\/{rel}","templated":true}]}}