{"id":402,"date":"2017-07-26T23:29:20","date_gmt":"2017-07-26T22:29:20","guid":{"rendered":"https:\/\/artesaniamantasdelana.com\/?page_id=402"},"modified":"2026-03-31T10:22:09","modified_gmt":"2026-03-31T09:22:09","slug":"contacto","status":"publish","type":"page","link":"https:\/\/artesaniamantasdelana.com\/ca\/contacto\/","title":{"rendered":"Contacte"},"content":{"rendered":"\t\t<div data-elementor-type=\"wp-page\" data-elementor-id=\"402\" class=\"elementor elementor-402\" wpc-filter-elementor-widget=\"1\" data-elementor-post-type=\"page\">\n\t\t\t\t<div class=\"elementor-element elementor-element-553d310 e-con-full e-flex e-con e-parent\" data-id=\"553d310\" data-element_type=\"container\" data-e-type=\"container\">\n\t\t\t\t<div class=\"elementor-element elementor-element-823ac99 elementor-cta--skin-cover elementor-cta--valign-middle elementor-bg-transform elementor-bg-transform-zoom-out elementor-animated-content elementor-widget elementor-widget-call-to-action\" data-id=\"823ac99\" data-element_type=\"widget\" data-e-type=\"widget\" data-widget_type=\"call-to-action.default\">\n\t\t\t\t<div class=\"elementor-widget-container\">\n\t\t\t\t\t\t\t<div class=\"elementor-cta\">\r\n\t\t\t\t\t<div class=\"elementor-cta__bg-wrapper\">\r\n\t\t\t\t<div class=\"elementor-cta__bg elementor-bg\" style=\"background-image: url(https:\/\/artesaniamantasdelana.com\/wp-content\/uploads\/2025\/10\/P2090001.jpg);\" role=\"img\" aria-label=\"P2090001\"><\/div>\r\n\t\t\t\t<div class=\"elementor-cta__bg-overlay\"><\/div>\r\n\t\t\t<\/div>\r\n\t\t\t\t\t\t\t<div class=\"elementor-cta__content\">\r\n\t\t\t\t\r\n\t\t\t\t\t\t\t\t\t<h2 class=\"elementor-cta__title elementor-cta__content-item elementor-content-item elementor-animated-item--grow\">\r\n\t\t\t\t\t\tContacta con nosotros\t\t\t\t\t<\/h2>\r\n\t\t\t\t\r\n\t\t\t\t\t\t\t\t\t<div class=\"elementor-cta__description elementor-cta__content-item elementor-content-item elementor-animated-item--grow\">\r\n\t\t\t\t\t\tVen a visitar nuestra tienda, o env\u00edanos un correo a trav\u00e9s del siguiente formulario\t\t\t\t\t<\/div>\r\n\t\t\t\t\r\n\t\t\t\t\t\t\t<\/div>\r\n\t\t\t\t\t\t<\/div>\r\n\t\t\t\t\t\t<\/div>\n\t\t\t\t<\/div>\n\t\t\t\t<\/div>\n\t\t<div class=\"elementor-element elementor-element-c8aabb4 e-flex e-con-boxed e-con e-parent\" data-id=\"c8aabb4\" data-element_type=\"container\" data-e-type=\"container\">\n\t\t\t\t\t<div class=\"e-con-inner\">\n\t\t<div class=\"elementor-element elementor-element-6601e7d e-con-full e-flex e-con e-child\" data-id=\"6601e7d\" data-element_type=\"container\" data-e-type=\"container\">\n\t\t\t\t<div class=\"elementor-element elementor-element-c015073 elementor-widget elementor-widget-text-editor\" data-id=\"c015073\" data-element_type=\"widget\" data-e-type=\"widget\" data-widget_type=\"text-editor.default\">\n\t\t\t\t<div class=\"elementor-widget-container\">\n\t\t\t\t\t\t\t\t\t<h3><strong>Qui\u00e9nes somos<\/strong><\/h3><p>En <strong>La F\u00e1brica de Mantas<\/strong>, cada hilo cuenta una historia. <strong>Teresa Dies<\/strong>, descendiente de una larga tradici\u00f3n familiar, es quien hoy da vida al taller, donde la lana se transforma en mantas \u00fanicas y llenas de alma.<\/p><p>Como ella misma explica, \u201cM\u00e1s que un oficio, tejer es una forma de <strong>cuidar lo aut\u00e9ntico<\/strong>: respetar los ritmos de la naturaleza, <strong>trabajar con las manos<\/strong> y poner el coraz\u00f3n en cada pieza.\u201d<\/p><p>Su pasi\u00f3n por lo artesanal mantiene viva una herencia de m\u00e1s de siglo y medio, reinterpret\u00e1ndola con sensibilidad y cari\u00f1o para quienes valoran lo hecho con calma y esmero.<\/p>\t\t\t\t\t\t\t\t<\/div>\n\t\t\t\t<\/div>\n\t\t\t\t<\/div>\n\t\t<div class=\"elementor-element elementor-element-efd9608 e-con-full e-flex e-con e-child\" data-id=\"efd9608\" data-element_type=\"container\" data-e-type=\"container\">\n\t\t\t\t<div class=\"elementor-element elementor-element-3aa4e73 elementor-widget elementor-widget-image\" data-id=\"3aa4e73\" data-element_type=\"widget\" data-e-type=\"widget\" data-widget_type=\"image.default\">\n\t\t\t\t<div class=\"elementor-widget-container\">\n\t\t\t\t\t\t\t\t\t\t\t\t\t\t\t<img loading=\"lazy\" decoding=\"async\" width=\"611\" height=\"800\" src=\"https:\/\/artesaniamantasdelana.com\/wp-content\/uploads\/2025\/10\/MG_2314-copia-611x800.jpg\" class=\"attachment-large size-large wp-image-5652\" alt=\"-\" srcset=\"https:\/\/artesaniamantasdelana.com\/wp-content\/uploads\/2025\/10\/MG_2314-copia-611x800.jpg 611w, https:\/\/artesaniamantasdelana.com\/wp-content\/uploads\/2025\/10\/MG_2314-copia-305x400.jpg 305w, https:\/\/artesaniamantasdelana.com\/wp-content\/uploads\/2025\/10\/MG_2314-copia-768x1006.jpg 768w, https:\/\/artesaniamantasdelana.com\/wp-content\/uploads\/2025\/10\/MG_2314-copia-1172x1536.jpg 1172w, https:\/\/artesaniamantasdelana.com\/wp-content\/uploads\/2025\/10\/MG_2314-copia-1563x2048.jpg 1563w, https:\/\/artesaniamantasdelana.com\/wp-content\/uploads\/2025\/10\/MG_2314-copia-9x12.jpg 9w, https:\/\/artesaniamantasdelana.com\/wp-content\/uploads\/2025\/10\/MG_2314-copia-600x786.jpg 600w, https:\/\/artesaniamantasdelana.com\/wp-content\/uploads\/2025\/10\/MG_2314-copia-scaled.jpg 1954w\" sizes=\"auto, (max-width: 611px) 100vw, 611px\" title=\"- -\">\t\t\t\t\t\t\t\t\t\t\t\t\t\t\t<\/div>\n\t\t\t\t<\/div>\n\t\t\t\t<\/div>\n\t\t\t\t\t<\/div>\n\t\t\t\t<\/div>\n\t\t<div class=\"elementor-element elementor-element-edc1949 e-flex e-con-boxed e-con e-parent\" data-id=\"edc1949\" data-element_type=\"container\" data-e-type=\"container\">\n\t\t\t\t\t<div class=\"e-con-inner\">\n\t\t<div class=\"elementor-element elementor-element-61e4a7e e-con-full e-flex e-con e-child\" data-id=\"61e4a7e\" data-element_type=\"container\" data-e-type=\"container\">\n\t\t\t\t<div class=\"elementor-element elementor-element-e07e4af elementor-button-align-stretch elementor-widget elementor-widget-form\" data-id=\"e07e4af\" data-element_type=\"widget\" data-e-type=\"widget\" data-settings=\"{&quot;step_next_label&quot;:&quot;Siguiente&quot;,&quot;step_previous_label&quot;:&quot;Anterior&quot;,&quot;button_width&quot;:&quot;100&quot;,&quot;step_type&quot;:&quot;number_text&quot;,&quot;step_icon_shape&quot;:&quot;circle&quot;}\" data-widget_type=\"form.default\">\n\t\t\t\t<div class=\"elementor-widget-container\">\n\t\t\t\t\t\t\t<form class=\"elementor-form\" method=\"post\" name=\"Nuevo formulario\" aria-label=\"Nuevo formulario\">\r\n\t\t\t<input type=\"hidden\" name=\"post_id\" value=\"402\"\/>\r\n\t\t\t<input type=\"hidden\" name=\"form_id\" value=\"e07e4af\"\/>\r\n\t\t\t<input type=\"hidden\" name=\"referer_title\" value=\"\" \/>\r\n\r\n\t\t\t\r\n\t\t\t<div class=\"elementor-form-fields-wrapper elementor-labels-above\">\r\n\t\t\t\t\t\t\t\t<div class=\"elementor-field-type-text elementor-field-group elementor-column elementor-field-group-name elementor-col-100\">\r\n\t\t\t\t\t\t\t\t\t\t\t\t<label for=\"form-field-name\" class=\"elementor-field-label\">\r\n\t\t\t\t\t\t\t\tNombre\t\t\t\t\t\t\t<\/label>\r\n\t\t\t\t\t\t\t\t\t\t\t\t\t\t<input size=\"1\" type=\"text\" name=\"form_fields[name]\" id=\"form-field-name\" class=\"elementor-field elementor-size-sm  elementor-field-textual\" placeholder=\"Nombre\">\r\n\t\t\t\t\t\t\t\t\t\t\t<\/div>\r\n\t\t\t\t\t\t\t\t<div class=\"elementor-field-type-email elementor-field-group elementor-column elementor-field-group-email elementor-col-100 elementor-field-required\">\r\n\t\t\t\t\t\t\t\t\t\t\t\t<label for=\"form-field-email\" class=\"elementor-field-label\">\r\n\t\t\t\t\t\t\t\tCorreo electr\u00f3nico\t\t\t\t\t\t\t<\/label>\r\n\t\t\t\t\t\t\t\t\t\t\t\t\t\t<input size=\"1\" type=\"email\" name=\"form_fields[email]\" id=\"form-field-email\" class=\"elementor-field elementor-size-sm  elementor-field-textual\" placeholder=\"Correo electr\u00f3nico\" required=\"required\">\r\n\t\t\t\t\t\t\t\t\t\t\t<\/div>\r\n\t\t\t\t\t\t\t\t<div class=\"elementor-field-type-textarea elementor-field-group elementor-column elementor-field-group-message elementor-col-100\">\r\n\t\t\t\t\t\t\t\t\t\t\t\t<label for=\"form-field-message\" class=\"elementor-field-label\">\r\n\t\t\t\t\t\t\t\tMensaje\t\t\t\t\t\t\t<\/label>\r\n\t\t\t\t\t\t<textarea class=\"elementor-field-textual elementor-field  elementor-size-sm\" name=\"form_fields[message]\" id=\"form-field-message\" rows=\"4\" placeholder=\"Mensaje\"><\/textarea>\t\t\t\t<\/div>\r\n\t\t\t\t\t\t\t\t<div class=\"elementor-field-group elementor-column elementor-field-type-submit elementor-col-100 e-form__buttons\">\r\n\t\t\t\t\t<button class=\"elementor-button elementor-size-md\" type=\"submit\">\r\n\t\t\t\t\t\t<span class=\"elementor-button-content-wrapper\">\r\n\t\t\t\t\t\t\t\t\t\t\t\t\t\t\t\t\t\t\t\t\t\t<span class=\"elementor-button-text\">Enviar<\/span>\r\n\t\t\t\t\t\t\t\t\t\t\t\t\t<\/span>\r\n\t\t\t\t\t<\/button>\r\n\t\t\t\t<\/div>\r\n\t\t\t<\/div>\r\n\t\t<\/form>\r\n\t\t\t\t\t\t<\/div>\n\t\t\t\t<\/div>\n\t\t\t\t<\/div>\n\t\t\t\t\t<\/div>\n\t\t\t\t<\/div>\n\t\t<div class=\"elementor-element elementor-element-83ffa53 e-con-full e-flex e-con e-parent\" data-id=\"83ffa53\" data-element_type=\"container\" data-e-type=\"container\">\n\t\t\t\t<div class=\"elementor-element elementor-element-8349595 elementor-widget elementor-widget-google_maps\" data-id=\"8349595\" data-element_type=\"widget\" data-e-type=\"widget\" data-widget_type=\"google_maps.default\">\n\t\t\t\t<div class=\"elementor-widget-container\">\n\t\t\t\t\t\t\t<div class=\"elementor-custom-embed\">\n\t\t\t<iframe loading=\"lazy\"\n\t\t\t\t\tsrc=\"https:\/\/maps.google.com\/maps?q=la%20fabricade%20mantas%20Calle%20de%20la%20Vall%20de%20Bo%C3%AD%20n%C2%BA%204%2C%2025520%2C%20El%20Pont%20de%20Suert%20%28L%C3%A9rida%29&#038;t=m&#038;z=19&#038;output=embed&#038;iwloc=near\"\n\t\t\t\t\ttitle=\"la fabricade mantas Calle de la Vall de Bo\u00ed n\u00ba 4, 25520, El Pont de Suert (L\u00e9rida)\"\n\t\t\t\t\taria-label=\"la fabricade mantas Calle de la Vall de Bo\u00ed n\u00ba 4, 25520, El Pont de Suert (L\u00e9rida)\"\n\t\t\t><\/iframe>\n\t\t<\/div>\n\t\t\t\t\t\t<\/div>\n\t\t\t\t<\/div>\n\t\t\t\t<\/div>\n\t\t\t\t<\/div>\n\t\t","protected":false},"excerpt":{"rendered":"<p>Contacta con nosotros Ven a visitar nuestra tienda, o env\u00edanos un correo a trav\u00e9s del siguiente formulario Qui\u00e9nes somos En La F\u00e1brica de Mantas, cada hilo cuenta una historia. Teresa Dies, descendiente de una larga tradici\u00f3n familiar, es quien hoy da vida al taller, donde la lana se transforma en mantas \u00fanicas y llenas de [&hellip;]<\/p>\n","protected":false},"author":1,"featured_media":0,"parent":0,"menu_order":-6,"comment_status":"closed","ping_status":"closed","template":"","meta":{"footnotes":""},"class_list":["post-402","page","type-page","status-publish","hentry"],"_links":{"self":[{"href":"https:\/\/artesaniamantasdelana.com\/ca\/wp-json\/wp\/v2\/pages\/402","targetHints":{"allow":["GET"]}}],"collection":[{"href":"https:\/\/artesaniamantasdelana.com\/ca\/wp-json\/wp\/v2\/pages"}],"about":[{"href":"https:\/\/artesaniamantasdelana.com\/ca\/wp-json\/wp\/v2\/types\/page"}],"author":[{"embeddable":true,"href":"https:\/\/artesaniamantasdelana.com\/ca\/wp-json\/wp\/v2\/users\/1"}],"replies":[{"embeddable":true,"href":"https:\/\/artesaniamantasdelana.com\/ca\/wp-json\/wp\/v2\/comments?post=402"}],"version-history":[{"count":3,"href":"https:\/\/artesaniamantasdelana.com\/ca\/wp-json\/wp\/v2\/pages\/402\/revisions"}],"predecessor-version":[{"id":5870,"href":"https:\/\/artesaniamantasdelana.com\/ca\/wp-json\/wp\/v2\/pages\/402\/revisions\/5870"}],"wp:attachment":[{"href":"https:\/\/artesaniamantasdelana.com\/ca\/wp-json\/wp\/v2\/media?parent=402"}],"curies":[{"name":"wp","href":"https:\/\/api.w.org\/{rel}","templated":true}]}}