{"id":3501,"date":"2025-09-10T07:26:23","date_gmt":"2025-09-10T06:26:23","guid":{"rendered":"https:\/\/artesaniamantasdelana.com\/?post_type=product&#038;p=3501"},"modified":"2026-02-08T19:18:57","modified_gmt":"2026-02-08T18:18:57","slug":"manta-de-lana-beciberri","status":"publish","type":"product","link":"https:\/\/artesaniamantasdelana.com\/ca\/manta-de-lana-beciberri\/","title":{"rendered":"Manta de Llana Besiberri"},"content":{"rendered":"<h3>La muntanya a la teva llar<\/h3>\n<p>La manta Besiberri s'inspira en el mass\u00eds pirinenc del mateix nom, on pics i llacs nevats conformen un paisatge majestu\u00f3s. El seu disseny, amb fines ratlles blanques sobre fons fosc, evoca el contrast entre neu i roca, transmetent la bellesa i la for\u00e7a de l'entorn hivernal. Igual que els tradicionals tapaboques utilitzats pels pastors pirinencs, la Besiberri conserva la mem\u00f2ria de temps passats, mentre que es reinventa per a les llars contempor\u00e0nies. Aquesta manta no sols ofereix calor, sin\u00f3 tamb\u00e9 una hist\u00f2ria, una connexi\u00f3 profunda amb la naturalesa.<\/p>\n<p>Perfecta per al sof\u00e0, el llit o el rac\u00f3 de lectura. Un s\u00edmbol de calma, hist\u00f2ria i disseny funcional. Besiberri \u00e9s una pe\u00e7a que no sols t'acompanya i t'abriga en els dies freds de l'hivern, sin\u00f3 que decora i eleva la teva llar durant tot l'any.<\/p>","protected":false},"excerpt":{"rendered":"<p>La manta Besiberri est\u00e0 teixida amb llana 100% amb un gramatge de 400 g\/m\u00b2. Ofereix una\nestructura densa, que proporciona no nom\u00e9s calidesa sin\u00f3 tamb\u00e9 resist\u00e8ncia natural. Amb\nla seva paleta neutra i elegant, s'adapta perfectament a qualsevol estil de decoraci\u00f3,\naportant un toc decoratiu subtil per\u00f2 sofisticat. Tapaboques ideal per al sof\u00e0, per viatjar o\ncom a plaid. Combina funcionalitat i est\u00e8tica, sense renunciar a la distinci\u00f3.<\/p>","protected":false},"featured_media":3522,"comment_status":"closed","ping_status":"closed","template":"","meta":[],"product_brand":[],"product_cat":[67,757],"product_tag":[],"class_list":{"0":"post-3501","1":"product","2":"type-product","3":"status-publish","4":"has-post-thumbnail","6":"product_cat-mantas-viaje-pastor","7":"product_cat-mantas-lana-para-cama","8":"pa_medidas-manta-cama-lana-160-x-240-cama-90","9":"pa_medidas-manta-lana-manta-de-lana-de-160x180","10":"pa_medidas-manta-lana-manta-de-lana-de-160x240","12":"first","13":"instock","14":"taxable","15":"shipping-taxable","16":"purchasable","17":"product-type-variable","18":"rtwpvg-product"},"gallery_images":[4563,4564,4565,4566],"_links":{"self":[{"href":"https:\/\/artesaniamantasdelana.com\/ca\/wp-json\/wp\/v2\/product\/3501","targetHints":{"allow":["GET"]}}],"collection":[{"href":"https:\/\/artesaniamantasdelana.com\/ca\/wp-json\/wp\/v2\/product"}],"about":[{"href":"https:\/\/artesaniamantasdelana.com\/ca\/wp-json\/wp\/v2\/types\/product"}],"replies":[{"embeddable":true,"href":"https:\/\/artesaniamantasdelana.com\/ca\/wp-json\/wp\/v2\/comments?post=3501"}],"wp:featuredmedia":[{"embeddable":true,"href":"https:\/\/artesaniamantasdelana.com\/ca\/wp-json\/wp\/v2\/media\/3522"}],"wp:attachment":[{"href":"https:\/\/artesaniamantasdelana.com\/ca\/wp-json\/wp\/v2\/media?parent=3501"}],"wp:term":[{"taxonomy":"product_brand","embeddable":true,"href":"https:\/\/artesaniamantasdelana.com\/ca\/wp-json\/wp\/v2\/product_brand?post=3501"},{"taxonomy":"product_cat","embeddable":true,"href":"https:\/\/artesaniamantasdelana.com\/ca\/wp-json\/wp\/v2\/product_cat?post=3501"},{"taxonomy":"product_tag","embeddable":true,"href":"https:\/\/artesaniamantasdelana.com\/ca\/wp-json\/wp\/v2\/product_tag?post=3501"}],"curies":[{"name":"wp","href":"https:\/\/api.w.org\/{rel}","templated":true}]}}