{"id":3504,"date":"2025-09-10T07:26:24","date_gmt":"2025-09-10T06:26:24","guid":{"rendered":"https:\/\/artesaniamantasdelana.com\/?post_type=product&#038;p=3504"},"modified":"2026-02-20T11:05:45","modified_gmt":"2026-02-20T10:05:45","slug":"manta-de-lana-arties","status":"publish","type":"product","link":"https:\/\/artesaniamantasdelana.com\/ca\/manta-de-lana-arties\/","title":{"rendered":"Manta de Llana Arties"},"content":{"rendered":"<h3>Eleg\u00e0ncia natural, estil atemporal<\/h3>\n<p>Inspirada en l'encant atemporal del poble d' <strong>Arties<\/strong>, al cor mateix de la Vall d'Aran, reflexa l'equilibri perfecte entre <strong>tradici\u00f3<\/strong>, <strong>distinci\u00f3<\/strong> i natura viva. Evoca tant l\u2019arquitectura senyorial com l\u2019aire refinat d\u2019aquest enclavament pirenaic. El blanc recorda la neu que cobreix les muntanyes, un mantell que d\u00f3na lloc a l\u2019oferta vibrant d\u2019esports d\u2019hivern a les estacions d\u2019esqu\u00ed de Baqueira Beret i Bo\u00ed Ta\u00fcll.<\/p>\n<p>La seva pres\u00e8ncia aporta classe, calma i autenticitat, sense imposar-se. \u00c9s un b\u00e0sic que abriga, vesteix i decora: per a la teva habitaci\u00f3, la dels m\u00e9s petits o com a <strong>regal especial <\/strong>que sempre encerta. Arties \u00e9s una <strong>el\u00b7lecci\u00f3 intel\u00b7ligent<\/strong> per qui busca qualitat i bellesa.<\/p>\n<ul>\n<li>Per qu\u00e8 triar <strong data-start=\"1002\" data-end=\"1012\">Arties<\/strong>: 100% llana sense tints \u2022 ratlles \u00e0mplies blanc-negre amb estil cl\u00e0ssic \u2022 abric confortable \u2022 multi\u00fas: sof\u00e0, viatge, cotxe i plaid \u2022 pe\u00e7a natural que aporta distinci\u00f3 a qualsevol estan\u00e7a.<\/li>\n<\/ul>","protected":false},"excerpt":{"rendered":"<p>La <strong data-start=\"46\" data-end=\"70\">Manta de Llana Arties<\/strong> \u00e9s pura tradici\u00f3: 100% llana sense tints, <strong data-start=\"112\" data-end=\"124\" data-is-only-node=\"\">400 g\/m\u00b2<\/strong> i <strong data-start=\"127\" data-end=\"144\">\u00e0mplies ratlles<\/strong> en els tons naturals de l'ovella -blanc i negre-. <span style=\"font-weight: 400;\">Expressa una eleg\u00e0ncia neta i serena, ideal per a aquells que valoren la simplicitat. La seva textura c\u00e0lida i acollidora ofereix confort i aporta un punt de prestigi. Abriga el sof\u00e0, acompanya els teus viatges i vesteix la teva llar amb l\u2019estil de sempre!\u00a0<\/span><\/p>","protected":false},"featured_media":3525,"comment_status":"closed","ping_status":"closed","template":"","meta":[],"product_brand":[],"product_cat":[67],"product_tag":[],"class_list":{"0":"post-3504","1":"product","2":"type-product","3":"status-publish","4":"has-post-thumbnail","6":"product_cat-mantas-viaje-pastor","7":"pa_medidas-manta-cama-lana-160-x-240-cama-90","8":"pa_medidas-manta-lana-manta-de-lana-de-160x180","9":"pa_medidas-manta-lana-manta-de-lana-de-160x240","11":"first","12":"instock","13":"taxable","14":"shipping-taxable","15":"purchasable","16":"product-type-variable","17":"rtwpvg-product"},"gallery_images":[3526,3527,4567],"_links":{"self":[{"href":"https:\/\/artesaniamantasdelana.com\/ca\/wp-json\/wp\/v2\/product\/3504","targetHints":{"allow":["GET"]}}],"collection":[{"href":"https:\/\/artesaniamantasdelana.com\/ca\/wp-json\/wp\/v2\/product"}],"about":[{"href":"https:\/\/artesaniamantasdelana.com\/ca\/wp-json\/wp\/v2\/types\/product"}],"replies":[{"embeddable":true,"href":"https:\/\/artesaniamantasdelana.com\/ca\/wp-json\/wp\/v2\/comments?post=3504"}],"wp:featuredmedia":[{"embeddable":true,"href":"https:\/\/artesaniamantasdelana.com\/ca\/wp-json\/wp\/v2\/media\/3525"}],"wp:attachment":[{"href":"https:\/\/artesaniamantasdelana.com\/ca\/wp-json\/wp\/v2\/media?parent=3504"}],"wp:term":[{"taxonomy":"product_brand","embeddable":true,"href":"https:\/\/artesaniamantasdelana.com\/ca\/wp-json\/wp\/v2\/product_brand?post=3504"},{"taxonomy":"product_cat","embeddable":true,"href":"https:\/\/artesaniamantasdelana.com\/ca\/wp-json\/wp\/v2\/product_cat?post=3504"},{"taxonomy":"product_tag","embeddable":true,"href":"https:\/\/artesaniamantasdelana.com\/ca\/wp-json\/wp\/v2\/product_tag?post=3504"}],"curies":[{"name":"wp","href":"https:\/\/api.w.org\/{rel}","templated":true}]}}