{"id":3507,"date":"2025-09-10T07:26:24","date_gmt":"2025-09-10T06:26:24","guid":{"rendered":"https:\/\/artesaniamantasdelana.com\/?post_type=product&#038;p=3507"},"modified":"2025-10-23T12:25:12","modified_gmt":"2025-10-23T11:25:12","slug":"manta-lana-colomers","status":"publish","type":"product","link":"https:\/\/artesaniamantasdelana.com\/ca\/manta-lana-colomers\/","title":{"rendered":"Manta de Llana Colomers"},"content":{"rendered":"<h3>L'\u00e0nima del Pirineu a la teva llar<\/h3>\n<p>La manta Colomers s'inspira en la for\u00e7a crom\u00e0tica del paisatge pirinenc, on els elements naturals componen una paleta tan rica com equilibrada. El seu disseny de quadres en tons blanc neu, vermell foc, blau aigua, verd herba i negre roca, sobre fons clar, reflecteix aquesta harmonia visual pr\u00f2pia dels llacs de Colomers. Aporta naturalesa i calidesa a l'ambient, sense perdre l'ess\u00e8ncia de la llana artesanal. Ideal per als qui desitgen una manta funcional per\u00f2 amb car\u00e0cter decoratiu, capa\u00e7 de reflectir el seu estil personal amb discreta sofisticaci\u00f3.<\/p>\n<p>Colomers no sols abriga: il\u00b7lumina i imprimeix vida en qualsevol rac\u00f3 de la teva llar. Ja sigui sobre un sof\u00e0 o als peus del llit, la manta es converteix en un element central que acull, decora i reconforta. Una d'aquestes peces que semblen haver estat sempre a casa, perqu\u00e8 encaixen amb tot i amb tots. Si busques un detall amb \u00e0nima, \u00e9s aquest regal especial que s'usa i es recorda.<\/p>","protected":false},"excerpt":{"rendered":"<p>Teixida en llana 100% natural i amb un gramatge de 400 g\/m\u00b2, aquesta manta ofereix una\ncalidesa acollidora i una gran resist\u00e8ncia a l'\u00fas diari. El seu tradicional patr\u00f3 de quadres estil\nescoc\u00e8s, la converteix en una pe\u00e7a alegre, original i atemporal que mai passa de moda. \u00c9s\nun tapaboques ideal per al sof\u00e0, de viatge o com a plaid.<\/p>","protected":false},"featured_media":3528,"comment_status":"closed","ping_status":"closed","template":"","meta":[],"product_brand":[],"product_cat":[67],"product_tag":[74],"class_list":{"0":"post-3507","1":"product","2":"type-product","3":"status-publish","4":"has-post-thumbnail","6":"product_cat-mantas-viaje-pastor","7":"product_tag-destacado","8":"pa_medidas-manta-cama-lana-160-x-240-cama-90","9":"pa_medidas-manta-lana-manta-de-lana-de-160x180","10":"pa_medidas-manta-lana-manta-de-lana-de-160x240","12":"first","13":"instock","14":"taxable","15":"shipping-taxable","16":"purchasable","17":"product-type-variable","18":"rtwpvg-product"},"gallery_images":[4568,3529,3531,3532,3533],"_links":{"self":[{"href":"https:\/\/artesaniamantasdelana.com\/ca\/wp-json\/wp\/v2\/product\/3507","targetHints":{"allow":["GET"]}}],"collection":[{"href":"https:\/\/artesaniamantasdelana.com\/ca\/wp-json\/wp\/v2\/product"}],"about":[{"href":"https:\/\/artesaniamantasdelana.com\/ca\/wp-json\/wp\/v2\/types\/product"}],"replies":[{"embeddable":true,"href":"https:\/\/artesaniamantasdelana.com\/ca\/wp-json\/wp\/v2\/comments?post=3507"}],"wp:featuredmedia":[{"embeddable":true,"href":"https:\/\/artesaniamantasdelana.com\/ca\/wp-json\/wp\/v2\/media\/3528"}],"wp:attachment":[{"href":"https:\/\/artesaniamantasdelana.com\/ca\/wp-json\/wp\/v2\/media?parent=3507"}],"wp:term":[{"taxonomy":"product_brand","embeddable":true,"href":"https:\/\/artesaniamantasdelana.com\/ca\/wp-json\/wp\/v2\/product_brand?post=3507"},{"taxonomy":"product_cat","embeddable":true,"href":"https:\/\/artesaniamantasdelana.com\/ca\/wp-json\/wp\/v2\/product_cat?post=3507"},{"taxonomy":"product_tag","embeddable":true,"href":"https:\/\/artesaniamantasdelana.com\/ca\/wp-json\/wp\/v2\/product_tag?post=3507"}],"curies":[{"name":"wp","href":"https:\/\/api.w.org\/{rel}","templated":true}]}}