{"id":3510,"date":"2025-09-10T07:26:24","date_gmt":"2025-09-10T06:26:24","guid":{"rendered":"https:\/\/artesaniamantasdelana.com\/?post_type=product&#038;p=3510"},"modified":"2026-04-04T17:04:40","modified_gmt":"2026-04-04T16:04:40","slug":"manta-de-lana-llubriqueto","status":"publish","type":"product","link":"https:\/\/artesaniamantasdelana.com\/ca\/manta-de-lana-llubriqueto\/","title":{"rendered":"Manta de Llana Llubriqueto"},"content":{"rendered":"<h3><b>Un refugi de colors, una llar de calidesa<\/b><\/h3>\n<p>Inspirada en els colors de tardor de la vall de <strong>Llubriqueto<\/strong>, ret homenatge als paisatges crom\u00e0tics del Pirineu. Reflexa l'energia i calidesa del bosc en aquesta temporada. Combina la tradici\u00f3 dels patrons cl\u00e0ssics amb una paleta de tardor que simbolitza la connexi\u00f3 amb la <strong>naturalesa<\/strong>, la <strong>collita<\/strong>, la <strong>fam\u00edlia<\/strong> i el <strong>confort interior<\/strong>. La seva combinaci\u00f3 de tons alegres i serens la converteix en una pe\u00e7a vers\u00e0til per a renovar la decoraci\u00f3 i crear un ambient acollidor i ple de vida.<\/p>\n<p>La Llubriqueto \u00e9s una font d'inspiraci\u00f3 per als qui desitgen integrar els colors de la tardor en el seu espai vital amb equilibri i estil. \u00c9s <strong>c\u00f2moda, vers\u00e0til i perdura<\/strong>: el mateix t'acompanya en el cotxe que vesteix el llit com plaid. Tria una manta que no sols abriga, sin\u00f3 que tamb\u00e9 decora i es converteix en aquest regal especial que sempre sorpr\u00e8n.<\/p>\n<ul data-start=\"929\" data-end=\"1219\" data-is-last-node=\"\" data-is-only-node=\"\">\n<li data-start=\"929\" data-end=\"1219\" data-is-last-node=\"\">\n<p data-start=\"931\" data-end=\"1219\" data-is-last-node=\"\">Per qu\u00e8 t'encantar\u00e0: 100% llana que abriga de veritat \u2022 quadre gran amb colors vius que donen alegria a la llar \u2022 multi\u00fas: sof\u00e0, viatge, cotxe, plaid i decoraci\u00f3 \u2022 tradici\u00f3 pastoral reinterpretada amb estil \u2022 perfecta per a regalar i per a donar un toc personal a qualsevol estada.<\/p>\n<\/li>\n<\/ul>","protected":false},"excerpt":{"rendered":"<p>Omple de vida els teus hiverns amb la <strong data-start=\"78\" data-end=\"107\">Manta de Llana Llubriqueto<\/strong>: pura<strong> llana<\/strong> <strong>100%<\/strong>, 400 g\/m\u00b2, perfecta per a viatges o per donar un toc aut\u00e8ntic a la teva llar.\nEl seu disseny de quadres amb colors vius crea una sinfonia natural que ens connecta amb la terra i la calidesa de la llar.\nFes-la teva i aporta<strong> calidesa<\/strong>, <strong>vitalitat<\/strong> i <strong>car\u00e0cter<\/strong> a qualsevol espai!<\/p>","protected":false},"featured_media":3534,"comment_status":"closed","ping_status":"closed","template":"","meta":[],"product_brand":[],"product_cat":[67],"product_tag":[],"class_list":{"0":"post-3510","1":"product","2":"type-product","3":"status-publish","4":"has-post-thumbnail","6":"product_cat-mantas-viaje-pastor","7":"pa_medidas-manta-lana-manta-de-lana-de-160x180","8":"pa_medidas-manta-lana-manta-de-lana-de-160x240","10":"first","11":"instock","12":"taxable","13":"shipping-taxable","14":"purchasable","15":"product-type-variable","16":"rtwpvg-product"},"gallery_images":[4583,3535,4582],"_links":{"self":[{"href":"https:\/\/artesaniamantasdelana.com\/ca\/wp-json\/wp\/v2\/product\/3510","targetHints":{"allow":["GET"]}}],"collection":[{"href":"https:\/\/artesaniamantasdelana.com\/ca\/wp-json\/wp\/v2\/product"}],"about":[{"href":"https:\/\/artesaniamantasdelana.com\/ca\/wp-json\/wp\/v2\/types\/product"}],"replies":[{"embeddable":true,"href":"https:\/\/artesaniamantasdelana.com\/ca\/wp-json\/wp\/v2\/comments?post=3510"}],"wp:featuredmedia":[{"embeddable":true,"href":"https:\/\/artesaniamantasdelana.com\/ca\/wp-json\/wp\/v2\/media\/3534"}],"wp:attachment":[{"href":"https:\/\/artesaniamantasdelana.com\/ca\/wp-json\/wp\/v2\/media?parent=3510"}],"wp:term":[{"taxonomy":"product_brand","embeddable":true,"href":"https:\/\/artesaniamantasdelana.com\/ca\/wp-json\/wp\/v2\/product_brand?post=3510"},{"taxonomy":"product_cat","embeddable":true,"href":"https:\/\/artesaniamantasdelana.com\/ca\/wp-json\/wp\/v2\/product_cat?post=3510"},{"taxonomy":"product_tag","embeddable":true,"href":"https:\/\/artesaniamantasdelana.com\/ca\/wp-json\/wp\/v2\/product_tag?post=3510"}],"curies":[{"name":"wp","href":"https:\/\/api.w.org\/{rel}","templated":true}]}}