{"id":3513,"date":"2025-09-10T07:26:24","date_gmt":"2025-09-10T06:26:24","guid":{"rendered":"https:\/\/artesaniamantasdelana.com\/?post_type=product&#038;p=3513"},"modified":"2025-11-03T22:06:49","modified_gmt":"2025-11-03T21:06:49","slug":"manta-de-lana-pallaresa","status":"publish","type":"product","link":"https:\/\/artesaniamantasdelana.com\/ca\/manta-de-lana-pallaresa\/","title":{"rendered":"Manta de Llana Pallaresa"},"content":{"rendered":"<h3 data-start=\"394\" data-end=\"996\">Hist\u00f2ria, tradici\u00f3 i eleg\u00e0ncia quotidiana<\/h3>\n<p data-start=\"394\" data-end=\"996\" class=\"translation-block\">Inspirada en el Pallars, bressol natal dels nostres fundadors, la Pallaresa celebra l\u2019her\u00e8ncia pirinenca, marcada pel treball, l\u2019autenticitat i la resist\u00e8ncia. Tradicionalment coneguda com a tapaboques, aquesta manta de ratlles fines i fosques combina els colors naturals de la llana d\u2019ovella. La seva bellesa neix de l\u2019entramat pur de fibres, que crea un efecte visual sobri, c\u00e0lid i atemporal.<\/p>\n<p data-start=\"394\" data-end=\"996\">\u00c9s una manta <strong>vers\u00e0til i resistent.<\/strong>Gr\u00e0cies als seus tons foscos, \u00e9s ideal per a l\u2019\u00fas diari, tant en interiors com en exteriors: terrasses, sortides al camp, bivacs, excursions a cavall o rutes en autocaravana. Els seus serrells decoratius aporten un acabat cl\u00e0ssic que encaixa tant en llars r\u00fastiques com en contempor\u00e0nies, donant textura, calidesa i una hist\u00f2ria que es sent.<\/p>\n<p data-start=\"394\" data-end=\"996\">M\u00e9s que una manta, \u00e9s una pe\u00e7a funcional amb \u00e0nima, pensada per acompanyar-te tota la vida amb estil i autenticitat.\nUna hist\u00f2ria teixida, una manta amb car\u00e0cter, arrels i pres\u00e8ncia atemporal.<\/p>\n<ul data-start=\"998\" data-end=\"1263\" data-is-last-node=\"\" data-is-only-node=\"\">\n<li data-start=\"998\" data-end=\"1263\" data-is-last-node=\"\">\n<p data-start=\"1000\" data-end=\"1263\" data-is-last-node=\"\">Per qu\u00e8 triar <strong data-start=\"1015\" data-end=\"1028\">Pallaresa<\/strong>: 100% llana \u2022 fines ratlles amb tons foscos \u2022 est\u00e8tica atemporal \u2022 multi\u00fas: sof\u00e0, viatge, cotxe, plaid i decoraci\u00f3 \u2022 pe\u00e7a tradicional amb eleg\u00e0ncia senzilla, perfecta per a regalar.<\/p>\n<\/li>\n<\/ul>","protected":false},"excerpt":{"rendered":"<p>Gaudeix la<strong> Manta de Llana Pallaresa<\/strong>: teixida amb<strong> llana 100% natural<\/strong> i amb un gramatge de 400 g\/m\u00b2. El seu disseny de ratlles fines i fosques combina discreci\u00f3, calidesa i estil, evocant l\u2019est\u00e8tica dels antics tapaboques utilitzats pels pastors. Ideal per al sof\u00e0, els viatges o com a plaid. Afegeix-la a la cistella i el confort arribar\u00e0 a casa teva!<\/p>","protected":false},"featured_media":3536,"comment_status":"closed","ping_status":"closed","template":"","meta":[],"product_brand":[],"product_cat":[67,757],"product_tag":[],"class_list":{"0":"post-3513","1":"product","2":"type-product","3":"status-publish","4":"has-post-thumbnail","6":"product_cat-mantas-viaje-pastor","7":"product_cat-mantas-lana-para-cama","8":"pa_medidas-manta-cama-lana-160-x-240-cama-90","9":"pa_medidas-manta-lana-manta-de-lana-de-160x180","10":"pa_medidas-manta-lana-manta-de-lana-de-160x240","12":"first","13":"instock","14":"taxable","15":"shipping-taxable","16":"purchasable","17":"product-type-variable","18":"rtwpvg-product"},"gallery_images":[3537,4572,4573],"_links":{"self":[{"href":"https:\/\/artesaniamantasdelana.com\/ca\/wp-json\/wp\/v2\/product\/3513","targetHints":{"allow":["GET"]}}],"collection":[{"href":"https:\/\/artesaniamantasdelana.com\/ca\/wp-json\/wp\/v2\/product"}],"about":[{"href":"https:\/\/artesaniamantasdelana.com\/ca\/wp-json\/wp\/v2\/types\/product"}],"replies":[{"embeddable":true,"href":"https:\/\/artesaniamantasdelana.com\/ca\/wp-json\/wp\/v2\/comments?post=3513"}],"wp:featuredmedia":[{"embeddable":true,"href":"https:\/\/artesaniamantasdelana.com\/ca\/wp-json\/wp\/v2\/media\/3536"}],"wp:attachment":[{"href":"https:\/\/artesaniamantasdelana.com\/ca\/wp-json\/wp\/v2\/media?parent=3513"}],"wp:term":[{"taxonomy":"product_brand","embeddable":true,"href":"https:\/\/artesaniamantasdelana.com\/ca\/wp-json\/wp\/v2\/product_brand?post=3513"},{"taxonomy":"product_cat","embeddable":true,"href":"https:\/\/artesaniamantasdelana.com\/ca\/wp-json\/wp\/v2\/product_cat?post=3513"},{"taxonomy":"product_tag","embeddable":true,"href":"https:\/\/artesaniamantasdelana.com\/ca\/wp-json\/wp\/v2\/product_tag?post=3513"}],"curies":[{"name":"wp","href":"https:\/\/api.w.org\/{rel}","templated":true}]}}