{"id":3542,"date":"2025-09-10T07:26:46","date_gmt":"2025-09-10T06:26:46","guid":{"rendered":"https:\/\/artesaniamantasdelana.com\/?post_type=product&#038;p=3542"},"modified":"2025-11-02T21:29:53","modified_gmt":"2025-11-02T20:29:53","slug":"manta-de-lana-para-cama-modelo-llubriqueto","status":"publish","type":"product","link":"https:\/\/artesaniamantasdelana.com\/ca\/manta-de-lana-para-cama-modelo-llubriqueto\/","title":{"rendered":"Manta de Llana per a Llit Model Llubriqueto"},"content":{"rendered":"<h3>Un refugi de colors, una llar de calidesa<\/h3>\n<p>Inspirada en els colors vibrants dels boscos de la vall de Llubriqueto a la tardor, aquesta manta rep el seu nom com a homenatge als paisatges crom\u00e0tics del Pirineu. En la temporada tardorenca, el bosc s'omple de vida amb verds intensos, vermells profunds, grocs daurats i taronges encesos: una simfonia natural que ens connecta amb la terra, la calor de la llar i l'energia dels canvis. S'adapta a diferents necessitats i estils de llar. La combinaci\u00f3 de vermells, que evoquen energia i calidesa, taronges que inspiren alegria, i verds bosc que ens connecten amb la serenitat de l'entorn natural, fan d'aquesta manta una pe\u00e7a ideal per a renovar la teva decoraci\u00f3 i crear un ambient acollidor i ple de vida.<\/p>\n<p>La Llubriqueto \u00e9s una distinci\u00f3 amb divertida eleg\u00e0ncia, una font d'inspiraci\u00f3 per als qui desitgen integrar els colors de la tardor en el seu espai vital amb equilibri i estil. Tria una manta que no sols abriga, sin\u00f3 que tamb\u00e9 decora amb encant.<\/p>","protected":false},"excerpt":{"rendered":"<p>La manta Llubriqueto est\u00e0 teixida en pura llana 100% natural, amb un gramatge de 550\ng\/m\u00b2, ideal per a les nits fredes de l'any. El seu disseny de quadre gran i colors vius aporta\ncalidesa i vitalitat a qualsevol espai, combinant la tradici\u00f3 dels patrons cl\u00e0ssics amb una\npaleta de tardor que simbolitza la connexi\u00f3 amb la naturalesa, la fam\u00edlia i el confort interior.<\/p>","protected":false},"featured_media":4550,"comment_status":"closed","ping_status":"closed","template":"","meta":[],"product_brand":[],"product_cat":[70],"product_tag":[74],"class_list":{"0":"post-3542","1":"product","2":"type-product","3":"status-publish","4":"has-post-thumbnail","6":"product_cat-mantas-de-lana-para-cama","7":"product_tag-destacado","8":"pa_medidas-manta-cama-lana-160-x-240-cama-90","9":"pa_medidas-manta-cama-lana-180-x-240-cama-105","10":"pa_medidas-manta-cama-lana-220x240-cama-135","11":"pa_medidas-manta-cama-lana-240x240-cama-150","12":"pa_medidas-manta-cama-lana-260x240-cama-180","13":"pa_medidas-manta-cama-lana-280x240-cama-210","15":"first","16":"instock","17":"taxable","18":"shipping-taxable","19":"purchasable","20":"product-type-variable","21":"rtwpvg-product"},"gallery_images":[4705,4706,4707],"_links":{"self":[{"href":"https:\/\/artesaniamantasdelana.com\/ca\/wp-json\/wp\/v2\/product\/3542","targetHints":{"allow":["GET"]}}],"collection":[{"href":"https:\/\/artesaniamantasdelana.com\/ca\/wp-json\/wp\/v2\/product"}],"about":[{"href":"https:\/\/artesaniamantasdelana.com\/ca\/wp-json\/wp\/v2\/types\/product"}],"replies":[{"embeddable":true,"href":"https:\/\/artesaniamantasdelana.com\/ca\/wp-json\/wp\/v2\/comments?post=3542"}],"wp:featuredmedia":[{"embeddable":true,"href":"https:\/\/artesaniamantasdelana.com\/ca\/wp-json\/wp\/v2\/media\/4550"}],"wp:attachment":[{"href":"https:\/\/artesaniamantasdelana.com\/ca\/wp-json\/wp\/v2\/media?parent=3542"}],"wp:term":[{"taxonomy":"product_brand","embeddable":true,"href":"https:\/\/artesaniamantasdelana.com\/ca\/wp-json\/wp\/v2\/product_brand?post=3542"},{"taxonomy":"product_cat","embeddable":true,"href":"https:\/\/artesaniamantasdelana.com\/ca\/wp-json\/wp\/v2\/product_cat?post=3542"},{"taxonomy":"product_tag","embeddable":true,"href":"https:\/\/artesaniamantasdelana.com\/ca\/wp-json\/wp\/v2\/product_tag?post=3542"}],"curies":[{"name":"wp","href":"https:\/\/api.w.org\/{rel}","templated":true}]}}