{"id":3617,"date":"2025-09-10T07:27:11","date_gmt":"2025-09-10T06:27:11","guid":{"rendered":"https:\/\/artesaniamantasdelana.com\/?post_type=product&#038;p=3617"},"modified":"2025-12-09T10:51:21","modified_gmt":"2025-12-09T09:51:21","slug":"manta-de-lana-montardo","status":"publish","type":"product","link":"https:\/\/artesaniamantasdelana.com\/ca\/manta-de-lana-montardo\/","title":{"rendered":"Manta de Llana Montardo"},"content":{"rendered":"<h3 data-start=\"444\" data-end=\"957\">Sent el cim, abra\u00e7a la calma<\/h3>\n<p data-start=\"444\" data-end=\"957\">El <strong>Montardo<\/strong> \u00e9s m\u00e9s que un pic: \u00e9s un mirador natural des del qual es desplega un dels paisatges m\u00e9s impressionants del Pirineu.\nAquesta manta neix d\u2019aquesta experi\u00e8ncia \u2014mirar des de dalt i deixar-se tocar per la immensitat\u2014 i la transforma en forma de calidesa, senzillesa i bellesa natural.<\/p>\n<p data-start=\"444\" data-end=\"957\" class=\"translation-block\">Les seves ratlles amples amb els tons naturals de la llana evoquen el contrast entre la vall i el cim, elevant qualsevol espai tal com el Montardo eleva la mirada. En abrigar-te amb ella, respires m\u00e9s profundament, el cos es relaxa i la ment descansa.\nEl seu disseny ser\u00e8 transmet la sensaci\u00f3 d\u2019estar en contacte amb l\u2019essencial.<\/p>\n<p data-start=\"444\" data-end=\"957\" class=\"translation-block\">Com el Montardo, accessible a excursionistes de tots els nivells, aquesta manta \u00e9s per a tothom: per a qualsevol llar, ambient o necessitat. Des de menjadors contemporanis fins a refugis de muntanya, el seu disseny vers\u00e0til i el seu car\u00e0cter perenne la fan imprescindible.\nPresent a la nostra col\u00b7lecci\u00f3 des de 1876, el seu alt contingut de llana negra accentua el seu car\u00e0cter i li confereix una pres\u00e8ncia visual \u00fanica.<\/p>\n<ul data-start=\"1332\" data-end=\"1689\" data-is-last-node=\"\" data-is-only-node=\"\">\n<li data-start=\"1332\" data-end=\"1689\" data-is-last-node=\"\">\n<p data-start=\"1334\" data-end=\"1689\" data-is-last-node=\"\"><strong data-start=\"1334\" data-end=\"1362\">Per qu\u00e8 triar Montardo:<\/strong> llana 100% \u2022 per a tots: per  qualsevol llar, ambient o necessitat \u2022 serrells i acabats amb car\u00e0cter \u2022 alt contingut de llana negra \u2022 ideal per a sof\u00e0, viatge, cotxe, plaid i decoraci\u00f3.<\/p>\n<\/li>\n<\/ul>","protected":false},"excerpt":{"rendered":"<p>Embolica't en hist\u00f2ria amb la <strong data-start=\"73\" data-end=\"99\">Manta de Llana Montardo<\/strong>: <strong>100% llana<\/strong> en el seu to natural, \u00e0mplies ratlles blanc-marr\u00f3 (amb major pres\u00e8ncia de llana marr\u00f3), serrells i gramatge de 450 g\/m \u00b2. La seva textura robusta la fa perfecta tant per l'<strong> \u00fas diari<\/strong> com per acompanyar-te en nits freques, excursions o moments de pausa junt el foc.<\/p>","protected":false},"featured_media":3641,"comment_status":"open","ping_status":"closed","template":"","meta":[],"product_brand":[],"product_cat":[67],"product_tag":[74],"class_list":{"0":"post-3617","1":"product","2":"type-product","3":"status-publish","4":"has-post-thumbnail","6":"product_cat-mantas-viaje-pastor","7":"product_tag-destacado","8":"pa_medidas-manta-cama-lana-160-x-240-cama-90","9":"pa_medidas-manta-lana-manta-de-lana-de-160x180","10":"pa_medidas-manta-lana-manta-de-lana-de-160x240","12":"first","13":"instock","14":"taxable","15":"shipping-taxable","16":"purchasable","17":"product-type-variable","18":"rtwpvg-product"},"gallery_images":[3642,3644,3645],"_links":{"self":[{"href":"https:\/\/artesaniamantasdelana.com\/ca\/wp-json\/wp\/v2\/product\/3617","targetHints":{"allow":["GET"]}}],"collection":[{"href":"https:\/\/artesaniamantasdelana.com\/ca\/wp-json\/wp\/v2\/product"}],"about":[{"href":"https:\/\/artesaniamantasdelana.com\/ca\/wp-json\/wp\/v2\/types\/product"}],"replies":[{"embeddable":true,"href":"https:\/\/artesaniamantasdelana.com\/ca\/wp-json\/wp\/v2\/comments?post=3617"}],"wp:featuredmedia":[{"embeddable":true,"href":"https:\/\/artesaniamantasdelana.com\/ca\/wp-json\/wp\/v2\/media\/3641"}],"wp:attachment":[{"href":"https:\/\/artesaniamantasdelana.com\/ca\/wp-json\/wp\/v2\/media?parent=3617"}],"wp:term":[{"taxonomy":"product_brand","embeddable":true,"href":"https:\/\/artesaniamantasdelana.com\/ca\/wp-json\/wp\/v2\/product_brand?post=3617"},{"taxonomy":"product_cat","embeddable":true,"href":"https:\/\/artesaniamantasdelana.com\/ca\/wp-json\/wp\/v2\/product_cat?post=3617"},{"taxonomy":"product_tag","embeddable":true,"href":"https:\/\/artesaniamantasdelana.com\/ca\/wp-json\/wp\/v2\/product_tag?post=3617"}],"curies":[{"name":"wp","href":"https:\/\/api.w.org\/{rel}","templated":true}]}}