{"id":3620,"date":"2025-09-10T07:27:11","date_gmt":"2025-09-10T06:27:11","guid":{"rendered":"https:\/\/artesaniamantasdelana.com\/?post_type=product&#038;p=3620"},"modified":"2025-12-15T21:37:16","modified_gmt":"2025-12-15T20:37:16","slug":"manta-de-lana-blanca","status":"publish","type":"product","link":"https:\/\/artesaniamantasdelana.com\/ca\/manta-de-lana-blanca\/","title":{"rendered":"Manta de Llana Blanca"},"content":{"rendered":"<h3 data-start=\"413\" data-end=\"1152\"><span style=\"font-weight: 400\">Calidesa que Convida, Bellesa que Abriga<\/span><\/h3>\n<p data-start=\"413\" data-end=\"1152\" class=\"translation-block\">Inspirada en la puresa dels cims nevats, la nostra <strong>manta de llana blanca<\/strong> \u00e9s una invitaci\u00f3 al <strong>descans<\/strong>, al <strong>confort<\/strong> i al <strong>benestar<\/strong>.\nEl seu color natural aporta lluminositat i amplitud a qualsevol espai, convertint-se en un toc d\u2019eleg\u00e0ncia serena per a la teva llar.<\/p>\n<p data-start=\"413\" data-end=\"1152\" class=\"translation-block\"><strong>Vers\u00e0til i funcional<\/strong>, acompanya els teus moments a casa, a l\u2019aire lliure o a la cadira de rodes, oferint calidesa i cura on m\u00e9s es necessita.\nLes <strong>propietats termoreguladores<\/strong> de la llana natural la fan ideal per a nits fredes, mentre que el seu disseny llis transmet una sensaci\u00f3 de luxe discret i confort aut\u00e8ntic.<\/p>\n<p data-start=\"413\" data-end=\"1152\" class=\"translation-block\">M\u00e9s que una manta, \u00e9s un gest de qualitat i senzillesa: un <strong>complement atemporal<\/strong> que harmonitza amb qualsevol ambient. Perfecta per a qui valora all\u00f2 aut\u00e8ntic, natural i fet amb prop\u00f2sit.<\/p>\n<ul data-start=\"1154\" data-end=\"1446\" data-is-last-node=\"\" data-is-only-node=\"\">\n<li data-start=\"1154\" data-end=\"1446\" data-is-last-node=\"\">\n<p data-start=\"1156\" data-end=\"1446\" data-is-last-node=\"\">Per qu\u00e8 triar <strong data-start=\"1171\" data-end=\"1181\">Blanca<\/strong>: 100% llana \u2022 color natural amb serrells \u2022 vers\u00e0til i funcional \u2022 apte per a cadires de rodes \u2022 propietats termoreguladores \u2022 multi\u00fas: sof\u00e0, cotxe, viatge, plaid i decoraci\u00f3.<\/p>\n<\/li>\n<\/ul>","protected":false},"excerpt":{"rendered":"<p>Abriga't amb la <strong data-start=\"59\" data-end=\"83\">Manta de Llana Blanca<\/strong>: <strong>llana 100%<\/strong> d'alta qualitat i amb serrells als extrems, destaca per la seva pres\u00e8ncia neta i cuidada. El seu disseny llis i uniforme combina senzillesa, <strong>eleg\u00e0ncia i comoditat<\/strong>, convidant al descans. Amb unes mesures de 130 \u00d7 170 cm, \u00e9s un tapaboques perfecte per a viatges o com a plaid al sof\u00e0.\nAfegeix-la a la cistella i deixa que t'abraci la llana!<\/p>","protected":false},"featured_media":3667,"comment_status":"open","ping_status":"closed","template":"","meta":[],"product_brand":[],"product_cat":[67],"product_tag":[74],"class_list":{"0":"post-3620","1":"product","2":"type-product","3":"status-publish","4":"has-post-thumbnail","6":"product_cat-mantas-viaje-pastor","7":"product_tag-destacado","8":"pa_medidas-manta-lana-manta-de-lana-de-130x170","9":"pa_medidas-manta-lana-manta-de-lana-de-150x200","11":"first","12":"instock","13":"taxable","14":"shipping-taxable","15":"purchasable","16":"product-type-variable","17":"rtwpvg-product"},"gallery_images":[3668,3671],"_links":{"self":[{"href":"https:\/\/artesaniamantasdelana.com\/ca\/wp-json\/wp\/v2\/product\/3620","targetHints":{"allow":["GET"]}}],"collection":[{"href":"https:\/\/artesaniamantasdelana.com\/ca\/wp-json\/wp\/v2\/product"}],"about":[{"href":"https:\/\/artesaniamantasdelana.com\/ca\/wp-json\/wp\/v2\/types\/product"}],"replies":[{"embeddable":true,"href":"https:\/\/artesaniamantasdelana.com\/ca\/wp-json\/wp\/v2\/comments?post=3620"}],"wp:featuredmedia":[{"embeddable":true,"href":"https:\/\/artesaniamantasdelana.com\/ca\/wp-json\/wp\/v2\/media\/3667"}],"wp:attachment":[{"href":"https:\/\/artesaniamantasdelana.com\/ca\/wp-json\/wp\/v2\/media?parent=3620"}],"wp:term":[{"taxonomy":"product_brand","embeddable":true,"href":"https:\/\/artesaniamantasdelana.com\/ca\/wp-json\/wp\/v2\/product_brand?post=3620"},{"taxonomy":"product_cat","embeddable":true,"href":"https:\/\/artesaniamantasdelana.com\/ca\/wp-json\/wp\/v2\/product_cat?post=3620"},{"taxonomy":"product_tag","embeddable":true,"href":"https:\/\/artesaniamantasdelana.com\/ca\/wp-json\/wp\/v2\/product_tag?post=3620"}],"curies":[{"name":"wp","href":"https:\/\/api.w.org\/{rel}","templated":true}]}}