{"id":3657,"date":"2025-09-10T07:27:36","date_gmt":"2025-09-10T06:27:36","guid":{"rendered":"https:\/\/artesaniamantasdelana.com\/?post_type=product&#038;p=3657"},"modified":"2025-12-19T22:59:06","modified_gmt":"2025-12-19T21:59:06","slug":"bufanda-de-lana","status":"publish","type":"product","link":"https:\/\/artesaniamantasdelana.com\/ca\/bufanda-de-lana\/","title":{"rendered":"Bufanda de llana"},"content":{"rendered":"<p data-start=\"332\" data-end=\"909\">Feta \u00edntegrament amb <strong data-start=\"378\" data-end=\"391\">llana 100%<\/strong>, la <strong data-start=\"396\" data-end=\"415\" data-is-only-node=\"\">Bufanda de llana <\/strong>honra el seu nom: calidesa aut\u00e8ntica, confort i un estil que eleva qualsevol conjunt. Les seves dimensions (1,80 \u00d7 0,30 m) permeten abra\u00e7ar el coll amb comoditat i sense afegir volum, oferint un abric agradable que transpira i es nota des del primer \u00fas. Tu selecciones el color; la bufanda posa l'eleg\u00e0ncia, ja sigui en una escapada a la muntanya, passejant per la ciutat o com a complement especial en dies assenyalats. Una pe\u00e7a natural de sempre que afegeix personalitat i t'acompanya tot l'hivern.<\/p>\n<ul data-start=\"911\" data-end=\"1135\" data-is-last-node=\"\" data-is-only-node=\"\">\n<li data-start=\"911\" data-end=\"1135\" data-is-last-node=\"\">\n<p data-start=\"913\" data-end=\"1135\" data-is-last-node=\"\">Per qu\u00e8 t'encantar\u00e0: llana 100% per a calor natural \u2022 mesures 1,80 \u00d7 0,30 m \u2022 colors amb car\u00e0cter que distingeixen \u2022 suau, transpirable i c\u00f2moda per a portar hores  \u2022 vers\u00e0til \u2022 ideal per a la muntanya, el camp, el poble i la ciutat.<\/p>\n<\/li>\n<\/ul>","protected":false},"excerpt":{"rendered":"<p>La <strong data-start=\"46\" data-end=\"65\">Bufanda de llana <\/strong>\u00e9s pur abric natural: tria el color que m\u00e9s va amb tu i deixa que la <strong data-start=\"138\" data-end=\"151\" data-is-only-node=\"\">llana 100%<\/strong> et protegeixi dels dies freds. Amb mesures generoses (1,80 \u00d7 0,30 m), \u00e9s suau, elegant i perfecta per a muntanya, camp o ciutat. Vesteix-la i d\u00f3na un toc de distinci\u00f3 al teu look!<\/p>\n<p data-start=\"332\" data-end=\"909\">","protected":false},"featured_media":3693,"comment_status":"closed","ping_status":"closed","template":"","meta":[],"product_brand":[],"product_cat":[710],"product_tag":[],"class_list":{"0":"post-3657","1":"product","2":"type-product","3":"status-publish","4":"has-post-thumbnail","6":"product_cat-bufandas-lana","8":"first","9":"instock","10":"taxable","11":"shipping-taxable","12":"purchasable","13":"product-type-variable","14":"rtwpvg-product"},"gallery_images":[3694,3551,3696],"_links":{"self":[{"href":"https:\/\/artesaniamantasdelana.com\/ca\/wp-json\/wp\/v2\/product\/3657","targetHints":{"allow":["GET"]}}],"collection":[{"href":"https:\/\/artesaniamantasdelana.com\/ca\/wp-json\/wp\/v2\/product"}],"about":[{"href":"https:\/\/artesaniamantasdelana.com\/ca\/wp-json\/wp\/v2\/types\/product"}],"replies":[{"embeddable":true,"href":"https:\/\/artesaniamantasdelana.com\/ca\/wp-json\/wp\/v2\/comments?post=3657"}],"wp:featuredmedia":[{"embeddable":true,"href":"https:\/\/artesaniamantasdelana.com\/ca\/wp-json\/wp\/v2\/media\/3693"}],"wp:attachment":[{"href":"https:\/\/artesaniamantasdelana.com\/ca\/wp-json\/wp\/v2\/media?parent=3657"}],"wp:term":[{"taxonomy":"product_brand","embeddable":true,"href":"https:\/\/artesaniamantasdelana.com\/ca\/wp-json\/wp\/v2\/product_brand?post=3657"},{"taxonomy":"product_cat","embeddable":true,"href":"https:\/\/artesaniamantasdelana.com\/ca\/wp-json\/wp\/v2\/product_cat?post=3657"},{"taxonomy":"product_tag","embeddable":true,"href":"https:\/\/artesaniamantasdelana.com\/ca\/wp-json\/wp\/v2\/product_tag?post=3657"}],"curies":[{"name":"wp","href":"https:\/\/api.w.org\/{rel}","templated":true}]}}