{"id":3662,"date":"2025-09-10T07:27:36","date_gmt":"2025-09-10T06:27:36","guid":{"rendered":"https:\/\/artesaniamantasdelana.com\/?post_type=product&#038;p=3662"},"modified":"2026-01-13T16:52:47","modified_gmt":"2026-01-13T15:52:47","slug":"manton-de-lana","status":"publish","type":"product","link":"https:\/\/artesaniamantasdelana.com\/ca\/manton-de-lana\/","title":{"rendered":"Mant\u00f3 de Llana"},"content":{"rendered":"<p data-start=\"279\" data-end=\"715\" class=\"translation-block\">L'Echarpe Distinci\u00f3 fa honor al seu nom: \u00e9s la pe\u00e7a de llana que eleva qualsevol outfit mentre et protegeix del fred amb un abric natural i confortable. Amb el seu format ampli (2,00 \u00d7 0,70 m) t'embolica amb suavitat sense fer volum i s'adapta al teu estil, tant si surts a la muntanya, al camp o passeges per la ciutat. Tot amb llana, com sempre s'ha fet, per a una calor fiable i una pres\u00e8ncia impecable.<\/p>\n<p data-start=\"717\" data-end=\"946\">Tria el model que millor s'adapti a tu i combina'l com a mant\u00f3, bufanda o sobre les espatlles. Lleuger, vers\u00e0til i durador, es converteix en aquest b\u00e0sic que no falla quan el term\u00f2metre baixa i vols sumar personalitat al teu look.<\/p>\n<ul data-start=\"948\" data-end=\"1202\" data-is-last-node=\"\" data-is-only-node=\"\">\n<li data-start=\"948\" data-end=\"1202\" data-is-last-node=\"\">\n<p data-start=\"950\" data-end=\"1202\" data-is-last-node=\"\">Per qu\u00e8 t'encantar\u00e0: 100% llana per a calor natural \u2022 mesures 2,00 \u00d7 0,70 m per a m\u00faltiples maneres de portar-ho \u2022 models amb estil per a un toc de distinci\u00f3 \u2022 ideal per a muntanya, camp, poble i ciutat \u2022 suau, c\u00f2mode i elegant per al dia a dia.<\/p>\n<\/li>\n<\/ul>","protected":false},"excerpt":{"rendered":"<p data-start=\"19\" data-end=\"277\" class=\"translation-block\">Abriga't amb l'Echarpe Distinci\u00f3: 100% llana natural i mesures generoses (2,00 \u00d7 0,70 m) per a una calor aut\u00e8ntica i elegant. Tria el model que va amb tu i dona-li als teus looks hivernals aquest toc singular que marca la difer\u00e8ncia.<\/p>","protected":false},"featured_media":3698,"comment_status":"closed","ping_status":"closed","template":"","meta":[],"product_brand":[],"product_cat":[693],"product_tag":[],"class_list":{"0":"post-3662","1":"product","2":"type-product","3":"status-publish","4":"has-post-thumbnail","6":"product_cat-mantones-lana","8":"first","9":"instock","10":"taxable","11":"shipping-taxable","12":"purchasable","13":"product-type-variable","14":"rtwpvg-product"},"gallery_images":[3699,3702,4652,5541],"_links":{"self":[{"href":"https:\/\/artesaniamantasdelana.com\/ca\/wp-json\/wp\/v2\/product\/3662","targetHints":{"allow":["GET"]}}],"collection":[{"href":"https:\/\/artesaniamantasdelana.com\/ca\/wp-json\/wp\/v2\/product"}],"about":[{"href":"https:\/\/artesaniamantasdelana.com\/ca\/wp-json\/wp\/v2\/types\/product"}],"replies":[{"embeddable":true,"href":"https:\/\/artesaniamantasdelana.com\/ca\/wp-json\/wp\/v2\/comments?post=3662"}],"wp:featuredmedia":[{"embeddable":true,"href":"https:\/\/artesaniamantasdelana.com\/ca\/wp-json\/wp\/v2\/media\/3698"}],"wp:attachment":[{"href":"https:\/\/artesaniamantasdelana.com\/ca\/wp-json\/wp\/v2\/media?parent=3662"}],"wp:term":[{"taxonomy":"product_brand","embeddable":true,"href":"https:\/\/artesaniamantasdelana.com\/ca\/wp-json\/wp\/v2\/product_brand?post=3662"},{"taxonomy":"product_cat","embeddable":true,"href":"https:\/\/artesaniamantasdelana.com\/ca\/wp-json\/wp\/v2\/product_cat?post=3662"},{"taxonomy":"product_tag","embeddable":true,"href":"https:\/\/artesaniamantasdelana.com\/ca\/wp-json\/wp\/v2\/product_tag?post=3662"}],"curies":[{"name":"wp","href":"https:\/\/api.w.org\/{rel}","templated":true}]}}